{"id":7426,"date":"2013-02-27T09:20:17","date_gmt":"2013-02-27T09:20:17","guid":{"rendered":"http:\/\/necakajnamaj.si\/wedding-album\/"},"modified":"2016-08-17T14:02:59","modified_gmt":"2016-08-17T14:02:59","slug":"wedding-album","status":"publish","type":"page","link":"http:\/\/necakajnamaj.si\/en\/my-services\/wedding-album\/","title":{"rendered":"Wedding album"},"content":{"rendered":"<div class=\"services-sub\">\n<div><span class=\"dropcap \">Y<\/span>our wedding photographs deserve the best presentation and here you can chose either between a classical album with hand-placed printed photographs or a modern photobook. I cooperate with one of the best manufacturers of wedding albums and can arrange to create a perfect custum made album just for you. Also check out the handmade boxes for storing these precious albums.<\/div>\n<\/div>\n<div class=\"services-sub\" style=\"width: 620px; float: right;\">\n<ul class=\"tabs-nav\"><li><a href=\"#tab-1-1\">Leather Photobook<\/a><\/li>\n<li><a href=\"#tab-1-2\">Canvas Photo book<\/a><\/li><\/ul>\n<div class=\"tabs-container\"><div id=\"tab-1-1\" class=\"tab-content\">\n<h3>Leather Photo book with genuine leather<\/h3>\n<p>different leather colors available<br \/>\n<img loading=\"lazy\" class=\"alignnone size-full wp-image-7956\" src=\"http:\/\/necakajnamaj.si\/wp-content\/uploads\/2013\/02\/porocna-fotoknjiga-01.jpg\" alt=\"Wedding photo book\" width=\"602\" height=\"401\" srcset=\"http:\/\/necakajnamaj.si\/wp-content\/uploads\/2013\/02\/porocna-fotoknjiga-01.jpg 602w, http:\/\/necakajnamaj.si\/wp-content\/uploads\/2013\/02\/porocna-fotoknjiga-01-396x263.jpg 396w, http:\/\/necakajnamaj.si\/wp-content\/uploads\/2013\/02\/porocna-fotoknjiga-01-549x365.jpg 549w, http:\/\/necakajnamaj.si\/wp-content\/uploads\/2013\/02\/porocna-fotoknjiga-01-300x200.jpg 300w, http:\/\/necakajnamaj.si\/wp-content\/uploads\/2013\/02\/porocna-fotoknjiga-01-210x140.jpg 210w, http:\/\/necakajnamaj.si\/wp-content\/uploads\/2013\/02\/porocna-fotoknjiga-01-438x292.jpg 438w, http:\/\/necakajnamaj.si\/wp-content\/uploads\/2013\/02\/porocna-fotoknjiga-01-234x155.jpg 234w\" sizes=\"(max-width: 602px) 100vw, 602px\" \/><br \/>\n<img class=\"alignnone size-full wp-image-7957\" src=\"http:\/\/necakajnamaj.si\/wp-content\/uploads\/2013\/02\/porocna-fotoknjiga-02.jpg\" alt=\"Wedding photo book\" width=\"602\" srcset=\"http:\/\/necakajnamaj.si\/wp-content\/uploads\/2013\/02\/porocna-fotoknjiga-02.jpg 800w, http:\/\/necakajnamaj.si\/wp-content\/uploads\/2013\/02\/porocna-fotoknjiga-02-396x180.jpg 396w, http:\/\/necakajnamaj.si\/wp-content\/uploads\/2013\/02\/porocna-fotoknjiga-02-549x250.jpg 549w, http:\/\/necakajnamaj.si\/wp-content\/uploads\/2013\/02\/porocna-fotoknjiga-02-300x136.jpg 300w, http:\/\/necakajnamaj.si\/wp-content\/uploads\/2013\/02\/porocna-fotoknjiga-02-220x100.jpg 220w, http:\/\/necakajnamaj.si\/wp-content\/uploads\/2013\/02\/porocna-fotoknjiga-02-460x209.jpg 460w, http:\/\/necakajnamaj.si\/wp-content\/uploads\/2013\/02\/porocna-fotoknjiga-02-234x106.jpg 234w\" sizes=\"(max-width: 800px) 100vw, 800px\" \/><br \/>\n<img loading=\"lazy\" class=\"alignnone size-full wp-image-7958\" src=\"http:\/\/necakajnamaj.si\/wp-content\/uploads\/2013\/02\/porocna-fotoknjiga-02a.jpg\" alt=\"Wedding photo book with leather cover\" width=\"602\" height=\"257\" srcset=\"http:\/\/necakajnamaj.si\/wp-content\/uploads\/2013\/02\/porocna-fotoknjiga-02a.jpg 602w, http:\/\/necakajnamaj.si\/wp-content\/uploads\/2013\/02\/porocna-fotoknjiga-02a-396x169.jpg 396w, http:\/\/necakajnamaj.si\/wp-content\/uploads\/2013\/02\/porocna-fotoknjiga-02a-549x234.jpg 549w, http:\/\/necakajnamaj.si\/wp-content\/uploads\/2013\/02\/porocna-fotoknjiga-02a-300x128.jpg 300w, http:\/\/necakajnamaj.si\/wp-content\/uploads\/2013\/02\/porocna-fotoknjiga-02a-220x93.jpg 220w, http:\/\/necakajnamaj.si\/wp-content\/uploads\/2013\/02\/porocna-fotoknjiga-02a-460x196.jpg 460w, http:\/\/necakajnamaj.si\/wp-content\/uploads\/2013\/02\/porocna-fotoknjiga-02a-234x99.jpg 234w\" sizes=\"(max-width: 602px) 100vw, 602px\" \/><br \/>\n<img class=\"alignnone size-full wp-image-7959\" src=\"http:\/\/necakajnamaj.si\/wp-content\/uploads\/2013\/02\/porocna-fotoknjiga-03.jpg\" alt=\"Wedding leather photo book\" width=\"602\" srcset=\"http:\/\/necakajnamaj.si\/wp-content\/uploads\/2013\/02\/porocna-fotoknjiga-03.jpg 800w, http:\/\/necakajnamaj.si\/wp-content\/uploads\/2013\/02\/porocna-fotoknjiga-03-396x180.jpg 396w, http:\/\/necakajnamaj.si\/wp-content\/uploads\/2013\/02\/porocna-fotoknjiga-03-549x250.jpg 549w, http:\/\/necakajnamaj.si\/wp-content\/uploads\/2013\/02\/porocna-fotoknjiga-03-300x136.jpg 300w, http:\/\/necakajnamaj.si\/wp-content\/uploads\/2013\/02\/porocna-fotoknjiga-03-220x100.jpg 220w, http:\/\/necakajnamaj.si\/wp-content\/uploads\/2013\/02\/porocna-fotoknjiga-03-460x209.jpg 460w, http:\/\/necakajnamaj.si\/wp-content\/uploads\/2013\/02\/porocna-fotoknjiga-03-234x106.jpg 234w\" sizes=\"(max-width: 800px) 100vw, 800px\" \/><br \/>\n<img loading=\"lazy\" class=\"alignnone size-full wp-image-7960\" src=\"http:\/\/necakajnamaj.si\/wp-content\/uploads\/2013\/02\/porocna-fotoknjiga-04.jpg\" alt=\"Wedding photo book\" width=\"602\" height=\"401\" srcset=\"http:\/\/necakajnamaj.si\/wp-content\/uploads\/2013\/02\/porocna-fotoknjiga-04.jpg 602w, http:\/\/necakajnamaj.si\/wp-content\/uploads\/2013\/02\/porocna-fotoknjiga-04-396x263.jpg 396w, http:\/\/necakajnamaj.si\/wp-content\/uploads\/2013\/02\/porocna-fotoknjiga-04-549x365.jpg 549w, http:\/\/necakajnamaj.si\/wp-content\/uploads\/2013\/02\/porocna-fotoknjiga-04-300x200.jpg 300w, http:\/\/necakajnamaj.si\/wp-content\/uploads\/2013\/02\/porocna-fotoknjiga-04-210x140.jpg 210w, http:\/\/necakajnamaj.si\/wp-content\/uploads\/2013\/02\/porocna-fotoknjiga-04-438x292.jpg 438w, http:\/\/necakajnamaj.si\/wp-content\/uploads\/2013\/02\/porocna-fotoknjiga-04-234x155.jpg 234w\" sizes=\"(max-width: 602px) 100vw, 602px\" \/><br \/>\n<img loading=\"lazy\" class=\"alignnone size-full wp-image-7961\" src=\"http:\/\/necakajnamaj.si\/wp-content\/uploads\/2013\/02\/porocna-fotoknjiga-04a.jpg\" alt=\"open photo book \" width=\"602\" height=\"401\" srcset=\"http:\/\/necakajnamaj.si\/wp-content\/uploads\/2013\/02\/porocna-fotoknjiga-04a.jpg 602w, http:\/\/necakajnamaj.si\/wp-content\/uploads\/2013\/02\/porocna-fotoknjiga-04a-396x263.jpg 396w, http:\/\/necakajnamaj.si\/wp-content\/uploads\/2013\/02\/porocna-fotoknjiga-04a-549x365.jpg 549w, http:\/\/necakajnamaj.si\/wp-content\/uploads\/2013\/02\/porocna-fotoknjiga-04a-300x200.jpg 300w, http:\/\/necakajnamaj.si\/wp-content\/uploads\/2013\/02\/porocna-fotoknjiga-04a-210x140.jpg 210w, http:\/\/necakajnamaj.si\/wp-content\/uploads\/2013\/02\/porocna-fotoknjiga-04a-438x292.jpg 438w, http:\/\/necakajnamaj.si\/wp-content\/uploads\/2013\/02\/porocna-fotoknjiga-04a-234x155.jpg 234w\" sizes=\"(max-width: 602px) 100vw, 602px\" \/><br \/>\n<img loading=\"lazy\" class=\"alignnone size-full wp-image-7962\" src=\"http:\/\/necakajnamaj.si\/wp-content\/uploads\/2013\/02\/porocna-fotoknjiga-05.jpg\" alt=\"layflat wedding photobook\" width=\"602\" height=\"401\" srcset=\"http:\/\/necakajnamaj.si\/wp-content\/uploads\/2013\/02\/porocna-fotoknjiga-05.jpg 602w, http:\/\/necakajnamaj.si\/wp-content\/uploads\/2013\/02\/porocna-fotoknjiga-05-396x263.jpg 396w, http:\/\/necakajnamaj.si\/wp-content\/uploads\/2013\/02\/porocna-fotoknjiga-05-549x365.jpg 549w, http:\/\/necakajnamaj.si\/wp-content\/uploads\/2013\/02\/porocna-fotoknjiga-05-300x200.jpg 300w, http:\/\/necakajnamaj.si\/wp-content\/uploads\/2013\/02\/porocna-fotoknjiga-05-210x140.jpg 210w, http:\/\/necakajnamaj.si\/wp-content\/uploads\/2013\/02\/porocna-fotoknjiga-05-438x292.jpg 438w, http:\/\/necakajnamaj.si\/wp-content\/uploads\/2013\/02\/porocna-fotoknjiga-05-234x155.jpg 234w\" sizes=\"(max-width: 602px) 100vw, 602px\" \/><br \/>\nAlso available in different colors of leather<br \/>\n<\/div>\n<div id=\"tab-1-2\" class=\"tab-content\">\n<h3>Canvas Photo book<\/h3>\n<p><img loading=\"lazy\" class=\"alignnone size-full wp-image-7130\" src=\"http:\/\/necakajnamaj.si\/wp-content\/uploads\/2013\/02\/porocna_fotoknjiga_602px.jpg\" alt=\"Canvas photo book \" width=\"602\" height=\"854\" srcset=\"http:\/\/necakajnamaj.si\/wp-content\/uploads\/2013\/02\/porocna_fotoknjiga_602px.jpg 602w, http:\/\/necakajnamaj.si\/wp-content\/uploads\/2013\/02\/porocna_fotoknjiga_602px-396x561.jpg 396w, http:\/\/necakajnamaj.si\/wp-content\/uploads\/2013\/02\/porocna_fotoknjiga_602px-549x778.jpg 549w, http:\/\/necakajnamaj.si\/wp-content\/uploads\/2013\/02\/porocna_fotoknjiga_602px-140x200.jpg 140w, http:\/\/necakajnamaj.si\/wp-content\/uploads\/2013\/02\/porocna_fotoknjiga_602px-98x140.jpg 98w, http:\/\/necakajnamaj.si\/wp-content\/uploads\/2013\/02\/porocna_fotoknjiga_602px-205x292.jpg 205w, http:\/\/necakajnamaj.si\/wp-content\/uploads\/2013\/02\/porocna_fotoknjiga_602px-234x331.jpg 234w, http:\/\/necakajnamaj.si\/wp-content\/uploads\/2013\/02\/porocna_fotoknjiga_602px-257x365.jpg 257w\" sizes=\"(max-width: 602px) 100vw, 602px\" \/><br \/>\n<img loading=\"lazy\" class=\"alignnone size-full wp-image-7940\" src=\"http:\/\/necakajnamaj.si\/wp-content\/uploads\/2013\/02\/porocna-fotoknjiga.jpg\" alt=\"photo book \" width=\"602\" height=\"270\" srcset=\"http:\/\/necakajnamaj.si\/wp-content\/uploads\/2013\/02\/porocna-fotoknjiga.jpg 604w, http:\/\/necakajnamaj.si\/wp-content\/uploads\/2013\/02\/porocna-fotoknjiga-396x177.jpg 396w, http:\/\/necakajnamaj.si\/wp-content\/uploads\/2013\/02\/porocna-fotoknjiga-549x245.jpg 549w, http:\/\/necakajnamaj.si\/wp-content\/uploads\/2013\/02\/porocna-fotoknjiga-300x134.jpg 300w, http:\/\/necakajnamaj.si\/wp-content\/uploads\/2013\/02\/porocna-fotoknjiga-220x98.jpg 220w, http:\/\/necakajnamaj.si\/wp-content\/uploads\/2013\/02\/porocna-fotoknjiga-460x205.jpg 460w, http:\/\/necakajnamaj.si\/wp-content\/uploads\/2013\/02\/porocna-fotoknjiga-234x104.jpg 234w\" sizes=\"(max-width: 602px) 100vw, 602px\" \/><br \/>\n<img loading=\"lazy\" class=\"alignnone size-full wp-image-7134\" src=\"http:\/\/necakajnamaj.si\/wp-content\/uploads\/2013\/02\/fotoknjiga-3_mini.jpg\" alt=\"wedding photo book\" width=\"602\" height=\"401\" srcset=\"http:\/\/necakajnamaj.si\/wp-content\/uploads\/2013\/02\/fotoknjiga-3_mini.jpg 602w, http:\/\/necakajnamaj.si\/wp-content\/uploads\/2013\/02\/fotoknjiga-3_mini-396x263.jpg 396w, http:\/\/necakajnamaj.si\/wp-content\/uploads\/2013\/02\/fotoknjiga-3_mini-549x365.jpg 549w, http:\/\/necakajnamaj.si\/wp-content\/uploads\/2013\/02\/fotoknjiga-3_mini-300x200.jpg 300w, http:\/\/necakajnamaj.si\/wp-content\/uploads\/2013\/02\/fotoknjiga-3_mini-210x140.jpg 210w, http:\/\/necakajnamaj.si\/wp-content\/uploads\/2013\/02\/fotoknjiga-3_mini-438x292.jpg 438w, http:\/\/necakajnamaj.si\/wp-content\/uploads\/2013\/02\/fotoknjiga-3_mini-234x155.jpg 234w\" sizes=\"(max-width: 602px) 100vw, 602px\" \/><br \/>\n<\/div><\/div>\n\n<\/div>\n","protected":false},"excerpt":{"rendered":"<p>our wedding photographs deserve the best presentation and here you can chose either between a classical album with hand-placed printed&hellip;<\/p>\n","protected":false},"author":3,"featured_media":0,"parent":7418,"menu_order":0,"comment_status":"open","ping_status":"open","template":"","meta":[],"yoast_head":"<!-- This site is optimized with the Yoast SEO plugin v17.9 - https:\/\/yoast.com\/wordpress\/plugins\/seo\/ -->\n<meta name=\"description\" content=\"Oblikovanje \u010dudovitih poro\u010dnih albumov in poro\u010dnih foto knjig, ki primerno predstavijo in shranijo vajine poro\u010dne fotografije.\" \/>\n<meta name=\"robots\" content=\"index, follow, max-snippet:-1, max-image-preview:large, max-video-preview:-1\" \/>\n<link rel=\"canonical\" href=\"https:\/\/necakajnamaj.si\/en\/my-services\/wedding-album\/\" \/>\n<meta property=\"og:locale\" content=\"en_US\" \/>\n<meta property=\"og:type\" content=\"article\" \/>\n<meta property=\"og:title\" content=\"Poro\u010dni album in poro\u010dna foto knjiga - Ne \u010dakaj na maj\" \/>\n<meta property=\"og:description\" content=\"Oblikovanje \u010dudovitih poro\u010dnih albumov in poro\u010dnih foto knjig, ki primerno predstavijo in shranijo vajine poro\u010dne fotografije.\" \/>\n<meta property=\"og:url\" content=\"https:\/\/necakajnamaj.si\/en\/my-services\/wedding-album\/\" \/>\n<meta property=\"og:site_name\" content=\"Poro\u010dna fotografija - Ne \u010dakaj na maj\" \/>\n<meta property=\"article:publisher\" content=\"https:\/\/www.facebook.com\/necakajnamaj\" \/>\n<meta property=\"article:modified_time\" content=\"2016-08-17T14:02:59+00:00\" \/>\n<meta property=\"og:image\" content=\"http:\/\/necakajnamaj.si\/wp-content\/uploads\/2013\/02\/porocna-fotoknjiga-01.jpg\" \/>\n<script type=\"application\/ld+json\" class=\"yoast-schema-graph\">{\"@context\":\"https:\/\/schema.org\",\"@graph\":[{\"@type\":\"WebSite\",\"@id\":\"https:\/\/necakajnamaj.si\/#website\",\"url\":\"https:\/\/necakajnamaj.si\/\",\"name\":\"Poro\\u010dna fotografija - Ne \\u010dakaj na maj\",\"description\":\"Pristna &amp; iskrena poro\\u010dna fotografija\",\"potentialAction\":[{\"@type\":\"SearchAction\",\"target\":{\"@type\":\"EntryPoint\",\"urlTemplate\":\"https:\/\/necakajnamaj.si\/?s={search_term_string}\"},\"query-input\":\"required name=search_term_string\"}],\"inLanguage\":\"en-US\"},{\"@type\":\"ImageObject\",\"@id\":\"https:\/\/necakajnamaj.si\/en\/my-services\/wedding-album\/#primaryimage\",\"inLanguage\":\"en-US\",\"url\":\"http:\/\/necakajnamaj.si\/wp-content\/uploads\/2013\/02\/porocna-fotoknjiga-01.jpg\",\"contentUrl\":\"http:\/\/necakajnamaj.si\/wp-content\/uploads\/2013\/02\/porocna-fotoknjiga-01.jpg\",\"width\":602,\"height\":401},{\"@type\":\"WebPage\",\"@id\":\"https:\/\/necakajnamaj.si\/en\/my-services\/wedding-album\/#webpage\",\"url\":\"https:\/\/necakajnamaj.si\/en\/my-services\/wedding-album\/\",\"name\":\"Poro\\u010dni album in poro\\u010dna foto knjiga - Ne \\u010dakaj na maj\",\"isPartOf\":{\"@id\":\"https:\/\/necakajnamaj.si\/#website\"},\"primaryImageOfPage\":{\"@id\":\"https:\/\/necakajnamaj.si\/en\/my-services\/wedding-album\/#primaryimage\"},\"datePublished\":\"2013-02-27T09:20:17+00:00\",\"dateModified\":\"2016-08-17T14:02:59+00:00\",\"description\":\"Oblikovanje \\u010dudovitih poro\\u010dnih albumov in poro\\u010dnih foto knjig, ki primerno predstavijo in shranijo vajine poro\\u010dne fotografije.\",\"breadcrumb\":{\"@id\":\"https:\/\/necakajnamaj.si\/en\/my-services\/wedding-album\/#breadcrumb\"},\"inLanguage\":\"en-US\",\"potentialAction\":[{\"@type\":\"ReadAction\",\"target\":[\"https:\/\/necakajnamaj.si\/en\/my-services\/wedding-album\/\"]}]},{\"@type\":\"BreadcrumbList\",\"@id\":\"https:\/\/necakajnamaj.si\/en\/my-services\/wedding-album\/#breadcrumb\",\"itemListElement\":[{\"@type\":\"ListItem\",\"position\":1,\"name\":\"Home\",\"item\":\"https:\/\/necakajnamaj.si\/en\/\"},{\"@type\":\"ListItem\",\"position\":2,\"name\":\"My Services\",\"item\":\"https:\/\/necakajnamaj.si\/en\/my-services\/\"},{\"@type\":\"ListItem\",\"position\":3,\"name\":\"Wedding album\"}]}]}<\/script>\n<!-- \/ Yoast SEO plugin. -->","yoast_head_json":{"description":"Oblikovanje \u010dudovitih poro\u010dnih albumov in poro\u010dnih foto knjig, ki primerno predstavijo in shranijo vajine poro\u010dne fotografije.","robots":{"index":"index","follow":"follow","max-snippet":"max-snippet:-1","max-image-preview":"max-image-preview:large","max-video-preview":"max-video-preview:-1"},"canonical":"https:\/\/necakajnamaj.si\/en\/my-services\/wedding-album\/","og_locale":"en_US","og_type":"article","og_title":"Poro\u010dni album in poro\u010dna foto knjiga - Ne \u010dakaj na maj","og_description":"Oblikovanje \u010dudovitih poro\u010dnih albumov in poro\u010dnih foto knjig, ki primerno predstavijo in shranijo vajine poro\u010dne fotografije.","og_url":"https:\/\/necakajnamaj.si\/en\/my-services\/wedding-album\/","og_site_name":"Poro\u010dna fotografija - Ne \u010dakaj na maj","article_publisher":"https:\/\/www.facebook.com\/necakajnamaj","article_modified_time":"2016-08-17T14:02:59+00:00","og_image":[{"url":"http:\/\/necakajnamaj.si\/wp-content\/uploads\/2013\/02\/porocna-fotoknjiga-01.jpg"}],"schema":{"@context":"https:\/\/schema.org","@graph":[{"@type":"WebSite","@id":"https:\/\/necakajnamaj.si\/#website","url":"https:\/\/necakajnamaj.si\/","name":"Poro\u010dna fotografija - Ne \u010dakaj na maj","description":"Pristna &amp; iskrena poro\u010dna fotografija","potentialAction":[{"@type":"SearchAction","target":{"@type":"EntryPoint","urlTemplate":"https:\/\/necakajnamaj.si\/?s={search_term_string}"},"query-input":"required name=search_term_string"}],"inLanguage":"en-US"},{"@type":"ImageObject","@id":"https:\/\/necakajnamaj.si\/en\/my-services\/wedding-album\/#primaryimage","inLanguage":"en-US","url":"http:\/\/necakajnamaj.si\/wp-content\/uploads\/2013\/02\/porocna-fotoknjiga-01.jpg","contentUrl":"http:\/\/necakajnamaj.si\/wp-content\/uploads\/2013\/02\/porocna-fotoknjiga-01.jpg","width":602,"height":401},{"@type":"WebPage","@id":"https:\/\/necakajnamaj.si\/en\/my-services\/wedding-album\/#webpage","url":"https:\/\/necakajnamaj.si\/en\/my-services\/wedding-album\/","name":"Poro\u010dni album in poro\u010dna foto knjiga - Ne \u010dakaj na maj","isPartOf":{"@id":"https:\/\/necakajnamaj.si\/#website"},"primaryImageOfPage":{"@id":"https:\/\/necakajnamaj.si\/en\/my-services\/wedding-album\/#primaryimage"},"datePublished":"2013-02-27T09:20:17+00:00","dateModified":"2016-08-17T14:02:59+00:00","description":"Oblikovanje \u010dudovitih poro\u010dnih albumov in poro\u010dnih foto knjig, ki primerno predstavijo in shranijo vajine poro\u010dne fotografije.","breadcrumb":{"@id":"https:\/\/necakajnamaj.si\/en\/my-services\/wedding-album\/#breadcrumb"},"inLanguage":"en-US","potentialAction":[{"@type":"ReadAction","target":["https:\/\/necakajnamaj.si\/en\/my-services\/wedding-album\/"]}]},{"@type":"BreadcrumbList","@id":"https:\/\/necakajnamaj.si\/en\/my-services\/wedding-album\/#breadcrumb","itemListElement":[{"@type":"ListItem","position":1,"name":"Home","item":"https:\/\/necakajnamaj.si\/en\/"},{"@type":"ListItem","position":2,"name":"My Services","item":"https:\/\/necakajnamaj.si\/en\/my-services\/"},{"@type":"ListItem","position":3,"name":"Wedding album"}]}]}},"_links":{"self":[{"href":"http:\/\/necakajnamaj.si\/en\/wp-json\/wp\/v2\/pages\/7426\/"}],"collection":[{"href":"http:\/\/necakajnamaj.si\/en\/wp-json\/wp\/v2\/pages\/"}],"about":[{"href":"http:\/\/necakajnamaj.si\/en\/wp-json\/wp\/v2\/types\/page\/"}],"author":[{"embeddable":true,"href":"http:\/\/necakajnamaj.si\/en\/wp-json\/wp\/v2\/users\/3\/"}],"replies":[{"embeddable":true,"href":"http:\/\/necakajnamaj.si\/en\/wp-json\/wp\/v2\/comments\/?post=7426"}],"version-history":[{"count":4,"href":"http:\/\/necakajnamaj.si\/en\/wp-json\/wp\/v2\/pages\/7426\/revisions\/"}],"predecessor-version":[{"id":10794,"href":"http:\/\/necakajnamaj.si\/en\/wp-json\/wp\/v2\/pages\/7426\/revisions\/10794\/"}],"up":[{"embeddable":true,"href":"http:\/\/necakajnamaj.si\/en\/wp-json\/wp\/v2\/pages\/7418\/"}],"wp:attachment":[{"href":"http:\/\/necakajnamaj.si\/en\/wp-json\/wp\/v2\/media\/?parent=7426"}],"curies":[{"name":"wp","href":"https:\/\/api.w.org\/{rel}","templated":true}]}}