{"id":7424,"date":"2013-02-27T09:07:36","date_gmt":"2013-02-27T09:07:36","guid":{"rendered":"http:\/\/necakajnamaj.si\/faq\/"},"modified":"2014-08-19T09:08:11","modified_gmt":"2014-08-19T09:08:11","slug":"faq","status":"publish","type":"page","link":"http:\/\/necakajnamaj.si\/en\/faq\/","title":{"rendered":"FAQ"},"content":{"rendered":"<div class=\"one-third\">\n<h3 class=\"faq\"><span class=\"dropcap \">1.<\/span>What is your price?<\/h3>\n<\/div>\n<div class=\"two-third last\">\nThe price depends on the hours i spend photographing, location and extra features (wedding album). I mainly take photographs of the wedding event from morning arrangements till evening (aprox. 12 hr) but I can also come and work with you just for a couple of hours. Tell me your wishes and I will send you my offer.<br \/>\n<\/div><div class=\"clear\"><\/div>\n<span style=\"line-height: 1.7;\"><div class=\"hr \"><\/div><\/span><\/p>\n<div class=\"one-third\">\n<h3 class=\"faq\"><span class=\"dropcap \">2.<\/span>How and when do we book you?<\/h3>\n<\/div>\n<div class=\"two-third last\">\nFirst contact me about your date and location and I will send you an offer. A 30% deposit must me made to book your date. Usally this takes place 6-12 months before the big date.<br \/>\n<\/div><div class=\"clear\"><\/div>\n<div class=\"hr \"><\/div>\n<div class=\"one-third\">\n<h3 class=\"faq\"><span class=\"dropcap \">3.<\/span>Do you photograph alone?<\/h3>\n<\/div>\n<div class=\"two-third last\">\nIt depends on the size of the wedding. I usally have my assistent with me for the portrait session but for everything else I do not need another photographer.<\/div><div class=\"clear\"><\/div>\n<div class=\"hr \"><\/div>\n<div class=\"one-third\">\n<h3 class=\"faq\"><span class=\"dropcap \">4.<\/span>When should the portraits take place in the weddind schedule?<\/h3>\n<\/div>\n<div class=\"two-third last\">\nThe best portraits are made in good natural light conditions and when we have enough time. When you will show me your wedding schedule we will determine the best time together.<br \/>\n<\/div><div class=\"clear\"><\/div>\n<div class=\"hr \"><\/div>\n<div class=\"one-third\">\n<h3 class=\"faq\"><span class=\"dropcap \">5.<\/span>We are not models so we do not know how to pose. Will we even look good on any photos?<\/h3>\n<\/div>\n<div class=\"two-third last\">\nDon&#8217;t worry. My job is to make you look good in every photo and will do that well. The key is for you to feel comfortable and then the poses will come natural.<br \/>\n<\/div><div class=\"clear\"><\/div>\n<div class=\"hr \"><\/div>\n<div class=\"one-third\">\n<h3 class=\"faq\"><span class=\"dropcap \">6.<\/span>Will we get ALL of the photographs from the wedding?<\/h3>\n<\/div>\n<div class=\"two-third last\">\nYou will get ALL edited photographs, which is about 600 for the whole wedding day. Trust me, you will have more then enough.<br \/>\n<\/div><div class=\"clear\"><\/div>\n<div class=\"hr \"><\/div>\n<div class=\"one-third\">\n<h3 class=\"faq\"><span class=\"dropcap \">7.<\/span>Are all of our photos edited?<\/h3>\n<\/div>\n<div class=\"two-third last\">\nAbsolutely. All of the photos will be carefully edited and will look exactly as I inted them to be. However I do not do the cheesy &#8220;buquet in colour \/ everything else in B&#038;W&#8221; type of edit.<br \/>\n<\/div><div class=\"clear\"><\/div>\n<div class=\"hr \"><\/div>\n<div class=\"one-third\">\n<h3 class=\"faq\"><span class=\"dropcap \">8.<\/span>Can you make us an album too?<\/h3>\n<\/div>\n<div class=\"two-third last\"> Yes. Look at my<br \/>\n<a title=\"Poro\u010dni album\" href=\"http:\/\/www.necakajnamaj.si\/fotografiranje-porok-ponudba\/porocni-album\/\" target=\"_blank\">album offer<\/a>.<br \/>\n<\/div><div class=\"clear\"><\/div>\n<div class=\"hr \"><\/div>\n<div class=\"one-third\">\n<h3 class=\"faq\"><span class=\"dropcap \">9.<\/span>Do you also take classic wedding photographs as portraits with my grandparents, parents&#8230;?<\/h3>\n<\/div>\n<div class=\"two-third last\">\nOf course. Can&#8217;t have a wedding without them \ud83d\ude42<br \/>\n<\/div><div class=\"clear\"><\/div>\n<div class=\"hr \"><\/div>\n<div class=\"one-third\">\n<h3 class=\"faq\"><span class=\"dropcap \">10.<\/span>When do we get the photos?<\/h3>\n<\/div>\n<div class=\"two-third last\">\nAt normal circumstances you will get your wedding photos in 2-4 weeks after the wedding.<br \/>\n<\/div><div class=\"clear\"><\/div>\n<div class=\"hr \"><\/div>\n<div class=\"one-third\">\n<h3 class=\"faq\"><span class=\"dropcap \">11.<\/span>What kind of equipment do you use?<\/h3>\n<\/div>\n<div class=\"two-third last\">\nI always say that good equipment doesn&#8217;t mean good photography. But a good photographer should have good tools for his work. I use digital SLR with a ful-frame sensor (35mm leica format) and the best possible lenses for good sharpness, contrast and colours. I always carry a backup camera body with me so if anything breaks &#8211; I am prepared. I often use small flashes for special effects.<br \/>\n<\/div><div class=\"clear\"><\/div>\n<div class=\"hr \"><\/div>\n<div class=\"one-third\">\n<h3 class=\"faq\"><span class=\"dropcap \">12.<\/span>Can you also make us a wedding movie?<\/h3>\n<\/div>\n<div class=\"two-third last\">\nNope. I am fully focused on the photography part which leaves no room for other activities.<br \/>\n<\/div><div class=\"clear\"><\/div>\n<div class=\"hr \"><\/div>\n<div class=\"one-third\">\n<h3 class=\"faq\"><span class=\"dropcap \">13.<\/span>Who created this beautiful website?<\/h3>\n<\/div>\n<div class=\"two-third last\">\n<a title=\"http:\/\/www.kreativnatovarna.si\" href=\"http:\/\/www.kreativnatovarna.si\" target=\"_blank\">Kreativna tovarna &#8211; Web Design<\/a> \ud83d\ude42 Check them out.<br \/>\n<\/div><div class=\"clear\"><\/div>\n<div class=\"hr \"><\/div>\n<div class=\"one-third\">\n<h3 class=\"faq\"><span class=\"dropcap \">14.<\/span>Did you really have long dreadlocks?<\/h3>\n<\/div>\n<div class=\"two-third last\">\nTrue story.<\/div><div class=\"clear\"><\/div>\n<div class=\"hr \"><\/div>\n","protected":false},"excerpt":{"rendered":"","protected":false},"author":3,"featured_media":0,"parent":0,"menu_order":0,"comment_status":"open","ping_status":"open","template":"","meta":[],"yoast_head":"<!-- This site is optimized with the Yoast SEO plugin v17.9 - https:\/\/yoast.com\/wordpress\/plugins\/seo\/ -->\n<meta name=\"description\" content=\"Tukaj lahko najdeta najbolj pogosta vpra\u0161anja, ki se pojavijo na temo poro\u010dne fotografije.\" \/>\n<meta name=\"robots\" content=\"index, follow, max-snippet:-1, max-image-preview:large, max-video-preview:-1\" \/>\n<link rel=\"canonical\" href=\"https:\/\/necakajnamaj.si\/en\/faq\/\" \/>\n<meta property=\"og:locale\" content=\"en_US\" \/>\n<meta property=\"og:type\" content=\"article\" \/>\n<meta property=\"og:title\" content=\"Pogosta vpra\u0161anja - Poro\u010dna fotografija\" \/>\n<meta property=\"og:description\" content=\"Tukaj lahko najdeta najbolj pogosta vpra\u0161anja, ki se pojavijo na temo poro\u010dne fotografije.\" \/>\n<meta property=\"og:url\" content=\"https:\/\/necakajnamaj.si\/en\/faq\/\" \/>\n<meta property=\"og:site_name\" content=\"Poro\u010dna fotografija - Ne \u010dakaj na maj\" \/>\n<meta property=\"article:publisher\" content=\"https:\/\/www.facebook.com\/necakajnamaj\" \/>\n<meta property=\"article:modified_time\" content=\"2014-08-19T09:08:11+00:00\" \/>\n<meta property=\"og:image\" content=\"http:\/\/necakajnamaj.si\/wp-content\/uploads\/2017\/12\/poroka_na_veliki_planini_-137.jpg\" \/>\n\t<meta property=\"og:image:width\" content=\"800\" \/>\n\t<meta property=\"og:image:height\" content=\"534\" \/>\n\t<meta property=\"og:image:type\" content=\"image\/jpeg\" \/>\n<meta name=\"twitter:label1\" content=\"Est. reading time\" \/>\n\t<meta name=\"twitter:data1\" content=\"3 minutes\" \/>\n<script type=\"application\/ld+json\" class=\"yoast-schema-graph\">{\"@context\":\"https:\/\/schema.org\",\"@graph\":[{\"@type\":\"WebSite\",\"@id\":\"https:\/\/necakajnamaj.si\/#website\",\"url\":\"https:\/\/necakajnamaj.si\/\",\"name\":\"Poro\\u010dna fotografija - Ne \\u010dakaj na maj\",\"description\":\"Pristna &amp; iskrena poro\\u010dna fotografija\",\"potentialAction\":[{\"@type\":\"SearchAction\",\"target\":{\"@type\":\"EntryPoint\",\"urlTemplate\":\"https:\/\/necakajnamaj.si\/?s={search_term_string}\"},\"query-input\":\"required name=search_term_string\"}],\"inLanguage\":\"en-US\"},{\"@type\":\"WebPage\",\"@id\":\"https:\/\/necakajnamaj.si\/en\/faq\/#webpage\",\"url\":\"https:\/\/necakajnamaj.si\/en\/faq\/\",\"name\":\"Pogosta vpra\\u0161anja - Poro\\u010dna fotografija\",\"isPartOf\":{\"@id\":\"https:\/\/necakajnamaj.si\/#website\"},\"datePublished\":\"2013-02-27T09:07:36+00:00\",\"dateModified\":\"2014-08-19T09:08:11+00:00\",\"description\":\"Tukaj lahko najdeta najbolj pogosta vpra\\u0161anja, ki se pojavijo na temo poro\\u010dne fotografije.\",\"breadcrumb\":{\"@id\":\"https:\/\/necakajnamaj.si\/en\/faq\/#breadcrumb\"},\"inLanguage\":\"en-US\",\"potentialAction\":[{\"@type\":\"ReadAction\",\"target\":[\"https:\/\/necakajnamaj.si\/en\/faq\/\"]}]},{\"@type\":\"BreadcrumbList\",\"@id\":\"https:\/\/necakajnamaj.si\/en\/faq\/#breadcrumb\",\"itemListElement\":[{\"@type\":\"ListItem\",\"position\":1,\"name\":\"Home\",\"item\":\"https:\/\/necakajnamaj.si\/en\/\"},{\"@type\":\"ListItem\",\"position\":2,\"name\":\"FAQ\"}]}]}<\/script>\n<!-- \/ Yoast SEO plugin. -->","yoast_head_json":{"description":"Tukaj lahko najdeta najbolj pogosta vpra\u0161anja, ki se pojavijo na temo poro\u010dne fotografije.","robots":{"index":"index","follow":"follow","max-snippet":"max-snippet:-1","max-image-preview":"max-image-preview:large","max-video-preview":"max-video-preview:-1"},"canonical":"https:\/\/necakajnamaj.si\/en\/faq\/","og_locale":"en_US","og_type":"article","og_title":"Pogosta vpra\u0161anja - Poro\u010dna fotografija","og_description":"Tukaj lahko najdeta najbolj pogosta vpra\u0161anja, ki se pojavijo na temo poro\u010dne fotografije.","og_url":"https:\/\/necakajnamaj.si\/en\/faq\/","og_site_name":"Poro\u010dna fotografija - Ne \u010dakaj na maj","article_publisher":"https:\/\/www.facebook.com\/necakajnamaj","article_modified_time":"2014-08-19T09:08:11+00:00","og_image":[{"width":800,"height":534,"url":"http:\/\/necakajnamaj.si\/wp-content\/uploads\/2017\/12\/poroka_na_veliki_planini_-137.jpg","type":"image\/jpeg"}],"twitter_misc":{"Est. reading time":"3 minutes"},"schema":{"@context":"https:\/\/schema.org","@graph":[{"@type":"WebSite","@id":"https:\/\/necakajnamaj.si\/#website","url":"https:\/\/necakajnamaj.si\/","name":"Poro\u010dna fotografija - Ne \u010dakaj na maj","description":"Pristna &amp; iskrena poro\u010dna fotografija","potentialAction":[{"@type":"SearchAction","target":{"@type":"EntryPoint","urlTemplate":"https:\/\/necakajnamaj.si\/?s={search_term_string}"},"query-input":"required name=search_term_string"}],"inLanguage":"en-US"},{"@type":"WebPage","@id":"https:\/\/necakajnamaj.si\/en\/faq\/#webpage","url":"https:\/\/necakajnamaj.si\/en\/faq\/","name":"Pogosta vpra\u0161anja - Poro\u010dna fotografija","isPartOf":{"@id":"https:\/\/necakajnamaj.si\/#website"},"datePublished":"2013-02-27T09:07:36+00:00","dateModified":"2014-08-19T09:08:11+00:00","description":"Tukaj lahko najdeta najbolj pogosta vpra\u0161anja, ki se pojavijo na temo poro\u010dne fotografije.","breadcrumb":{"@id":"https:\/\/necakajnamaj.si\/en\/faq\/#breadcrumb"},"inLanguage":"en-US","potentialAction":[{"@type":"ReadAction","target":["https:\/\/necakajnamaj.si\/en\/faq\/"]}]},{"@type":"BreadcrumbList","@id":"https:\/\/necakajnamaj.si\/en\/faq\/#breadcrumb","itemListElement":[{"@type":"ListItem","position":1,"name":"Home","item":"https:\/\/necakajnamaj.si\/en\/"},{"@type":"ListItem","position":2,"name":"FAQ"}]}]}},"_links":{"self":[{"href":"http:\/\/necakajnamaj.si\/en\/wp-json\/wp\/v2\/pages\/7424\/"}],"collection":[{"href":"http:\/\/necakajnamaj.si\/en\/wp-json\/wp\/v2\/pages\/"}],"about":[{"href":"http:\/\/necakajnamaj.si\/en\/wp-json\/wp\/v2\/types\/page\/"}],"author":[{"embeddable":true,"href":"http:\/\/necakajnamaj.si\/en\/wp-json\/wp\/v2\/users\/3\/"}],"replies":[{"embeddable":true,"href":"http:\/\/necakajnamaj.si\/en\/wp-json\/wp\/v2\/comments\/?post=7424"}],"version-history":[{"count":1,"href":"http:\/\/necakajnamaj.si\/en\/wp-json\/wp\/v2\/pages\/7424\/revisions\/"}],"predecessor-version":[{"id":7542,"href":"http:\/\/necakajnamaj.si\/en\/wp-json\/wp\/v2\/pages\/7424\/revisions\/7542\/"}],"wp:attachment":[{"href":"http:\/\/necakajnamaj.si\/en\/wp-json\/wp\/v2\/media\/?parent=7424"}],"curies":[{"name":"wp","href":"https:\/\/api.w.org\/{rel}","templated":true}]}}