{"id":7418,"date":"2012-02-02T07:24:28","date_gmt":"2012-02-02T07:24:28","guid":{"rendered":"http:\/\/necakajnamaj.si\/my-services\/"},"modified":"2014-08-26T08:38:57","modified_gmt":"2014-08-26T08:38:57","slug":"my-services","status":"publish","type":"page","link":"http:\/\/necakajnamaj.si\/en\/my-services\/","title":{"rendered":"My Services"},"content":{"rendered":"<div class=\"services\"><img loading=\"lazy\" class=\"alignnone size-full wp-image-2722\" alt=\"fotografiranje porokej\" src=\"http:\/\/www.necakajnamaj.si\/wp-content\/uploads\/2012\/02\/ponudba_porocna_fotografija.jpg\" width=\"300\" height=\"600\" \/><a title=\"Photography\" href=\"http:\/\/necakajnamaj.si\/en\/my-services\/wedding-photography\/\"><span>Photography<\/span><\/a><\/div>\n<div class=\"services\"><img loading=\"lazy\" class=\"alignnone size-full wp-image-2722\" alt=\"pakiranje poro\u010dnih fotografij\" src=\"http:\/\/www.necakajnamaj.si\/wp-content\/uploads\/2012\/02\/porocna-fotografija-pakiranje.jpg\" width=\"300\" height=\"600\" \/><a title=\"Packaging\" href=\"http:\/\/www.necakajnamaj.si\/en\/fotografiranje-porok-ponudba\/pakiranje-vajinih-fotografij\/\"><span>Packaging<\/span><\/a><\/div>\n<div class=\"services\"><img loading=\"lazy\" class=\"alignnone size-full wp-image-2721\" alt=\"Poro\u010dni album - poro\u010dna knjiga\" src=\"http:\/\/www.necakajnamaj.si\/wp-content\/uploads\/2012\/02\/porocni-album.jpg\" width=\"300\" height=\"600\" \/><a title=\"Wedding Album\" href=\"http:\/\/www.necakajnamaj.si\/en\/fotografiranje-porok-ponudba\/porocni-album\/\"><span>Wedding Album<\/span><\/a><\/div>\n","protected":false},"excerpt":{"rendered":"<p>Photography Packaging Wedding Album<\/p>\n","protected":false},"author":3,"featured_media":0,"parent":0,"menu_order":0,"comment_status":"open","ping_status":"open","template":"","meta":[],"yoast_head":"<!-- This site is optimized with the Yoast SEO plugin v17.9 - https:\/\/yoast.com\/wordpress\/plugins\/seo\/ -->\n<meta name=\"description\" content=\"Hey, I am a destination wedding photographer from Slovenia. Check my services including wedding photography, wedding albums and packaging.\" \/>\n<meta name=\"robots\" content=\"index, follow, max-snippet:-1, max-image-preview:large, max-video-preview:-1\" \/>\n<link rel=\"canonical\" href=\"https:\/\/necakajnamaj.si\/en\/my-services\/\" \/>\n<meta property=\"og:locale\" content=\"en_US\" \/>\n<meta property=\"og:type\" content=\"article\" \/>\n<meta property=\"og:title\" content=\"Wedding photographer - Ne \u010dakaj na maj - services\" \/>\n<meta property=\"og:description\" content=\"Hey, I am a destination wedding photographer from Slovenia. Check my services including wedding photography, wedding albums and packaging.\" \/>\n<meta property=\"og:url\" content=\"https:\/\/necakajnamaj.si\/en\/my-services\/\" \/>\n<meta property=\"og:site_name\" content=\"Poro\u010dna fotografija - Ne \u010dakaj na maj\" \/>\n<meta property=\"article:publisher\" content=\"https:\/\/www.facebook.com\/necakajnamaj\" \/>\n<meta property=\"article:modified_time\" content=\"2014-08-26T08:38:57+00:00\" \/>\n<meta property=\"og:image\" content=\"http:\/\/www.necakajnamaj.si\/wp-content\/uploads\/2012\/02\/ponudba_porocna_fotografija.jpg\" \/>\n<script type=\"application\/ld+json\" class=\"yoast-schema-graph\">{\"@context\":\"https:\/\/schema.org\",\"@graph\":[{\"@type\":\"WebSite\",\"@id\":\"https:\/\/necakajnamaj.si\/#website\",\"url\":\"https:\/\/necakajnamaj.si\/\",\"name\":\"Poro\\u010dna fotografija - Ne \\u010dakaj na maj\",\"description\":\"Pristna &amp; iskrena poro\\u010dna fotografija\",\"potentialAction\":[{\"@type\":\"SearchAction\",\"target\":{\"@type\":\"EntryPoint\",\"urlTemplate\":\"https:\/\/necakajnamaj.si\/?s={search_term_string}\"},\"query-input\":\"required name=search_term_string\"}],\"inLanguage\":\"en-US\"},{\"@type\":\"ImageObject\",\"@id\":\"https:\/\/necakajnamaj.si\/en\/my-services\/#primaryimage\",\"inLanguage\":\"en-US\",\"url\":\"http:\/\/www.necakajnamaj.si\/wp-content\/uploads\/2012\/02\/ponudba_porocna_fotografija.jpg\",\"contentUrl\":\"http:\/\/www.necakajnamaj.si\/wp-content\/uploads\/2012\/02\/ponudba_porocna_fotografija.jpg\"},{\"@type\":\"WebPage\",\"@id\":\"https:\/\/necakajnamaj.si\/en\/my-services\/#webpage\",\"url\":\"https:\/\/necakajnamaj.si\/en\/my-services\/\",\"name\":\"Wedding photographer - Ne \\u010dakaj na maj - services\",\"isPartOf\":{\"@id\":\"https:\/\/necakajnamaj.si\/#website\"},\"primaryImageOfPage\":{\"@id\":\"https:\/\/necakajnamaj.si\/en\/my-services\/#primaryimage\"},\"datePublished\":\"2012-02-02T07:24:28+00:00\",\"dateModified\":\"2014-08-26T08:38:57+00:00\",\"description\":\"Hey, I am a destination wedding photographer from Slovenia. Check my services including wedding photography, wedding albums and packaging.\",\"breadcrumb\":{\"@id\":\"https:\/\/necakajnamaj.si\/en\/my-services\/#breadcrumb\"},\"inLanguage\":\"en-US\",\"potentialAction\":[{\"@type\":\"ReadAction\",\"target\":[\"https:\/\/necakajnamaj.si\/en\/my-services\/\"]}]},{\"@type\":\"BreadcrumbList\",\"@id\":\"https:\/\/necakajnamaj.si\/en\/my-services\/#breadcrumb\",\"itemListElement\":[{\"@type\":\"ListItem\",\"position\":1,\"name\":\"Home\",\"item\":\"https:\/\/necakajnamaj.si\/en\/\"},{\"@type\":\"ListItem\",\"position\":2,\"name\":\"My Services\"}]}]}<\/script>\n<!-- \/ Yoast SEO plugin. -->","yoast_head_json":{"description":"Hey, I am a destination wedding photographer from Slovenia. Check my services including wedding photography, wedding albums and packaging.","robots":{"index":"index","follow":"follow","max-snippet":"max-snippet:-1","max-image-preview":"max-image-preview:large","max-video-preview":"max-video-preview:-1"},"canonical":"https:\/\/necakajnamaj.si\/en\/my-services\/","og_locale":"en_US","og_type":"article","og_title":"Wedding photographer - Ne \u010dakaj na maj - services","og_description":"Hey, I am a destination wedding photographer from Slovenia. Check my services including wedding photography, wedding albums and packaging.","og_url":"https:\/\/necakajnamaj.si\/en\/my-services\/","og_site_name":"Poro\u010dna fotografija - Ne \u010dakaj na maj","article_publisher":"https:\/\/www.facebook.com\/necakajnamaj","article_modified_time":"2014-08-26T08:38:57+00:00","og_image":[{"url":"http:\/\/www.necakajnamaj.si\/wp-content\/uploads\/2012\/02\/ponudba_porocna_fotografija.jpg"}],"schema":{"@context":"https:\/\/schema.org","@graph":[{"@type":"WebSite","@id":"https:\/\/necakajnamaj.si\/#website","url":"https:\/\/necakajnamaj.si\/","name":"Poro\u010dna fotografija - Ne \u010dakaj na maj","description":"Pristna &amp; iskrena poro\u010dna fotografija","potentialAction":[{"@type":"SearchAction","target":{"@type":"EntryPoint","urlTemplate":"https:\/\/necakajnamaj.si\/?s={search_term_string}"},"query-input":"required name=search_term_string"}],"inLanguage":"en-US"},{"@type":"ImageObject","@id":"https:\/\/necakajnamaj.si\/en\/my-services\/#primaryimage","inLanguage":"en-US","url":"http:\/\/www.necakajnamaj.si\/wp-content\/uploads\/2012\/02\/ponudba_porocna_fotografija.jpg","contentUrl":"http:\/\/www.necakajnamaj.si\/wp-content\/uploads\/2012\/02\/ponudba_porocna_fotografija.jpg"},{"@type":"WebPage","@id":"https:\/\/necakajnamaj.si\/en\/my-services\/#webpage","url":"https:\/\/necakajnamaj.si\/en\/my-services\/","name":"Wedding photographer - Ne \u010dakaj na maj - services","isPartOf":{"@id":"https:\/\/necakajnamaj.si\/#website"},"primaryImageOfPage":{"@id":"https:\/\/necakajnamaj.si\/en\/my-services\/#primaryimage"},"datePublished":"2012-02-02T07:24:28+00:00","dateModified":"2014-08-26T08:38:57+00:00","description":"Hey, I am a destination wedding photographer from Slovenia. Check my services including wedding photography, wedding albums and packaging.","breadcrumb":{"@id":"https:\/\/necakajnamaj.si\/en\/my-services\/#breadcrumb"},"inLanguage":"en-US","potentialAction":[{"@type":"ReadAction","target":["https:\/\/necakajnamaj.si\/en\/my-services\/"]}]},{"@type":"BreadcrumbList","@id":"https:\/\/necakajnamaj.si\/en\/my-services\/#breadcrumb","itemListElement":[{"@type":"ListItem","position":1,"name":"Home","item":"https:\/\/necakajnamaj.si\/en\/"},{"@type":"ListItem","position":2,"name":"My Services"}]}]}},"_links":{"self":[{"href":"http:\/\/necakajnamaj.si\/en\/wp-json\/wp\/v2\/pages\/7418\/"}],"collection":[{"href":"http:\/\/necakajnamaj.si\/en\/wp-json\/wp\/v2\/pages\/"}],"about":[{"href":"http:\/\/necakajnamaj.si\/en\/wp-json\/wp\/v2\/types\/page\/"}],"author":[{"embeddable":true,"href":"http:\/\/necakajnamaj.si\/en\/wp-json\/wp\/v2\/users\/3\/"}],"replies":[{"embeddable":true,"href":"http:\/\/necakajnamaj.si\/en\/wp-json\/wp\/v2\/comments\/?post=7418"}],"version-history":[{"count":1,"href":"http:\/\/necakajnamaj.si\/en\/wp-json\/wp\/v2\/pages\/7418\/revisions\/"}],"predecessor-version":[{"id":7547,"href":"http:\/\/necakajnamaj.si\/en\/wp-json\/wp\/v2\/pages\/7418\/revisions\/7547\/"}],"wp:attachment":[{"href":"http:\/\/necakajnamaj.si\/en\/wp-json\/wp\/v2\/media\/?parent=7418"}],"curies":[{"name":"wp","href":"https:\/\/api.w.org\/{rel}","templated":true}]}}